{"id":484,"date":"2024-09-04T14:13:09","date_gmt":"2024-09-04T14:13:09","guid":{"rendered":"https:\/\/diegogaspar.com\/reset-password\/"},"modified":"2025-04-24T18:21:37","modified_gmt":"2025-04-24T18:21:37","slug":"reset-password","status":"publish","type":"page","link":"https:\/\/diegogaspar.com\/en\/reset-password\/","title":{"rendered":"Reset Password"},"content":{"rendered":"<div class=\"learndash-wrap\"><div class=\"learndash-wrapper ld-registration__outer-wrapper\">\n\t<div class=\"learndash-registration-wrapper\" style=\"\" >\n\t\t<div\n\t\t\tclass=\"ld-registration__wrapper ld-registration__wrapper--login\"\n\t\t\tdata-js=\"learndash-view\"\n\t\t\tdata-learndash-breakpoints=\"{&quot;breakpoints&quot;:{&quot;mobile&quot;:375,&quot;tablet&quot;:420,&quot;small&quot;:720,&quot;medium&quot;:960,&quot;large&quot;:1240,&quot;wide&quot;:1440}}\"\n\t\t\tdata-learndash-breakpoint-pointer=\"4a904468-17a4-4f79-a8b6-5822057c2db8\"\n\t\t>\n\t\t\t<div class=\"ld-registration__form\">\n\t\t\t\t\n\t\t\t\t\n\t\t\t\t\t\t\t\t\t<div class=\"ld-registration__forgot-password-container\">\n\t\t\t\t\t\t<h2 class=\"ld-registration__heading\">\n\t\t\t\t\t\t\tForgot Password\t\t\t\t\t\t<\/h2>\n\t\t\t\t\t\t<form action=\"\" method=\"POST\" class=\"ld-form ld-registration__forgot-password-form\">\n\t\t\t\t\t\t\t<label for=\"user_login\">Username or Email Address *<\/label>\n\t\t\t\t\t\t\t<div class=\"ld-form__field-wrapper ld-form__field-user_login-wrapper\">\n\t\t\t\t\t\t\t\t<input\n\t\t\t\t\t\t\t\t\ttype=\"text\"\n\t\t\t\t\t\t\t\t\tname=\"user_login\"\n\t\t\t\t\t\t\t\t\tid=\"user_login\"\n\t\t\t\t\t\t\t\t\tautocapitalize=\"off\"\n\t\t\t\t\t\t\t\t\tautocomplete=\"off\"\n\t\t\t\t\t\t\t\t\tclass=\"ld-form__field ld-form__field-user_login\"\n\t\t\t\t\t\t\t\t\/>\n\t\t\t\t\t\t\t<\/div>\n\t\t\t\t\t\t\t<input type=\"hidden\" id=\"learndash-reset-password-form-nonce\" name=\"learndash-reset-password-form-nonce\" value=\"d70152c1ec\" \/><input type=\"hidden\" name=\"_wp_http_referer\" value=\"\/en\/wp-json\/wp\/v2\/pages\/484\" \/>\t\t\t\t\t\t\t<input\n\t\t\t\t\t\t\t\ttype=\"submit\"\n\t\t\t\t\t\t\t\tvalue=\"Reset Password\"\n\t\t\t\t\t\t\t\tclass=\"button button-primary button-large wp-element-button\"\n\t\t\t\t\t\t\t\/>\n\t\t\t\t\t\t<\/form>\n\t\t\t\t\t<\/div>\n\t\t\t\t\t\t\t<\/div>\n\t\t<\/div>\n\t<\/div>\n<\/div>\n<script class=\"learndash-breakpoints\">\n\t( function () {\n\t\tlet completed = false;\n\n\t\t\/**\n\t\t * Initializes the LearnDash Breakpoints.\n\t\t *\n\t\t * @since 4.16.0\n\t\t *\/\n\t\tfunction initBreakpoints() {\n\t\t\tif ( completed ) {\n\t\t\t\t\/\/ This was fired already and completed no need to attach to the event listener.\n\t\t\t\tdocument.removeEventListener( 'DOMContentLoaded', initBreakpoints );\n\t\t\t\treturn;\n\t\t\t}\n\n\t\t\tif (\n\t\t\t\t'undefined' === typeof window.learndash ||\n\t\t\t\t'undefined' === typeof window.learndash.views ||\n\t\t\t\t'undefined' === typeof window.learndash.views.breakpoints ||\n\t\t\t\t'function' !== typeof (window.learndash.views.breakpoints.setup)\n\t\t\t) {\n\t\t\t\treturn;\n\t\t\t}\n\n\t\t\tconst container = document.querySelector(\n\t\t\t\t'[data-learndash-breakpoint-pointer=\"4a904468-17a4-4f79-a8b6-5822057c2db8\"]'\n\t\t\t);\n\n\t\t\tif ( ! container ) {\n\t\t\t\treturn;\n\t\t\t}\n\n\t\t\twindow.learndash.views.breakpoints.setup( container );\n\t\t\tcompleted = true;\n\t\t\t\/\/ This was fired already and completed no need to attach to the event listener.\n\t\t\tdocument.removeEventListener( 'DOMContentLoaded', initBreakpoints );\n\t\t}\n\n\t\t\/\/ Try to init the breakpoints right away.\n\t\tinitBreakpoints();\n\t\tdocument.addEventListener( 'DOMContentLoaded', initBreakpoints );\n\t})();\n<\/script>\n<\/div>","protected":false},"excerpt":{"rendered":"","protected":false},"author":0,"featured_media":0,"parent":0,"menu_order":0,"comment_status":"open","ping_status":"closed","template":"","meta":{"_acf_changed":false,"iawp_total_views":0,"footnotes":""},"class_list":["post-484","page","type-page","status-publish","hentry"],"acf":[],"yoast_head":"<!-- This site is optimized with the Yoast SEO plugin v27.4 - https:\/\/yoast.com\/product\/yoast-seo-wordpress\/ -->\n<title>Recupera tu Contrase\u00f1a | Diego Gaspar<\/title>\n<meta name=\"description\" content=\"Restablece tu contrase\u00f1a f\u00e1cilmente en Diego Gaspar. Sigue las instrucciones para recuperar el acceso a tu cuenta de forma segura.\" \/>\n<meta name=\"robots\" content=\"index, follow, max-snippet:-1, max-image-preview:large, max-video-preview:-1\" \/>\n<link rel=\"canonical\" href=\"https:\/\/diegogaspar.com\/en\/reset-password\/\" \/>\n<meta property=\"og:locale\" content=\"en_US\" \/>\n<meta property=\"og:type\" content=\"article\" \/>\n<meta property=\"og:title\" content=\"Recupera tu Contrase\u00f1a | Diego Gaspar\" \/>\n<meta property=\"og:description\" content=\"Restablece tu contrase\u00f1a f\u00e1cilmente en Diego Gaspar. Sigue las instrucciones para recuperar el acceso a tu cuenta de forma segura.\" \/>\n<meta property=\"og:url\" content=\"https:\/\/diegogaspar.com\/en\/reset-password\/\" \/>\n<meta property=\"og:site_name\" content=\"Diego Gaspar\" \/>\n<meta property=\"article:modified_time\" content=\"2025-04-24T18:21:37+00:00\" \/>\n<meta name=\"twitter:card\" content=\"summary_large_image\" \/>\n<!-- \/ Yoast SEO plugin. -->","yoast_head_json":{"title":"Recupera tu Contrase\u00f1a | Diego Gaspar","description":"Restablece tu contrase\u00f1a f\u00e1cilmente en Diego Gaspar. Sigue las instrucciones para recuperar el acceso a tu cuenta de forma segura.","robots":{"index":"index","follow":"follow","max-snippet":"max-snippet:-1","max-image-preview":"max-image-preview:large","max-video-preview":"max-video-preview:-1"},"canonical":"https:\/\/diegogaspar.com\/en\/reset-password\/","og_locale":"en_US","og_type":"article","og_title":"Recupera tu Contrase\u00f1a | Diego Gaspar","og_description":"Restablece tu contrase\u00f1a f\u00e1cilmente en Diego Gaspar. Sigue las instrucciones para recuperar el acceso a tu cuenta de forma segura.","og_url":"https:\/\/diegogaspar.com\/en\/reset-password\/","og_site_name":"Diego Gaspar","article_modified_time":"2025-04-24T18:21:37+00:00","twitter_card":"summary_large_image","schema":{"@context":"https:\/\/schema.org","@graph":[{"@type":"WebPage","@id":"https:\/\/diegogaspar.com\/en\/reset-password\/","url":"https:\/\/diegogaspar.com\/en\/reset-password\/","name":"Recupera tu Contrase\u00f1a | Diego Gaspar","isPartOf":{"@id":"https:\/\/diegogaspar.com\/en\/#website"},"datePublished":"2024-09-04T14:13:09+00:00","dateModified":"2025-04-24T18:21:37+00:00","description":"Restablece tu contrase\u00f1a f\u00e1cilmente en Diego Gaspar. Sigue las instrucciones para recuperar el acceso a tu cuenta de forma segura.","breadcrumb":{"@id":"https:\/\/diegogaspar.com\/en\/reset-password\/#breadcrumb"},"inLanguage":"en-US","potentialAction":[{"@type":"ReadAction","target":["https:\/\/diegogaspar.com\/en\/reset-password\/"]}]},{"@type":"BreadcrumbList","@id":"https:\/\/diegogaspar.com\/en\/reset-password\/#breadcrumb","itemListElement":[{"@type":"ListItem","position":1,"name":"Portada","item":"https:\/\/diegogaspar.com\/en\/"},{"@type":"ListItem","position":2,"name":"Reset Password"}]},{"@type":"WebSite","@id":"https:\/\/diegogaspar.com\/en\/#website","url":"https:\/\/diegogaspar.com\/en\/","name":"Diego Gaspar","description":"","potentialAction":[{"@type":"SearchAction","target":{"@type":"EntryPoint","urlTemplate":"https:\/\/diegogaspar.com\/en\/?s={search_term_string}"},"query-input":{"@type":"PropertyValueSpecification","valueRequired":true,"valueName":"search_term_string"}}],"inLanguage":"en-US"}]}},"_links":{"self":[{"href":"https:\/\/diegogaspar.com\/en\/wp-json\/wp\/v2\/pages\/484","targetHints":{"allow":["GET"]}}],"collection":[{"href":"https:\/\/diegogaspar.com\/en\/wp-json\/wp\/v2\/pages"}],"about":[{"href":"https:\/\/diegogaspar.com\/en\/wp-json\/wp\/v2\/types\/page"}],"replies":[{"embeddable":true,"href":"https:\/\/diegogaspar.com\/en\/wp-json\/wp\/v2\/comments?post=484"}],"version-history":[{"count":1,"href":"https:\/\/diegogaspar.com\/en\/wp-json\/wp\/v2\/pages\/484\/revisions"}],"predecessor-version":[{"id":586,"href":"https:\/\/diegogaspar.com\/en\/wp-json\/wp\/v2\/pages\/484\/revisions\/586"}],"wp:attachment":[{"href":"https:\/\/diegogaspar.com\/en\/wp-json\/wp\/v2\/media?parent=484"}],"curies":[{"name":"wp","href":"https:\/\/api.w.org\/{rel}","templated":true}]}}