{"id":486,"date":"2024-09-04T14:13:08","date_gmt":"2024-09-04T14:13:08","guid":{"rendered":"https:\/\/diegogaspar.com\/registration\/"},"modified":"2025-04-24T18:21:42","modified_gmt":"2025-04-24T18:21:42","slug":"registration","status":"publish","type":"page","link":"https:\/\/diegogaspar.com\/en\/registration\/","title":{"rendered":"Registration"},"content":{"rendered":"<div class=\"learndash-wrap\"><div class=\"learndash-wrapper ld-registration__outer-wrapper\">\n\t<div class=\"ld-registration__size-wrapper\" style=\"\" >\n\t\t<div\n\t\t\tclass=\"ld-registration__wrapper\"\n\t\t\tdata-js=\"learndash-view\"\n\t\t\tdata-learndash-breakpoints=\"{&quot;breakpoints&quot;:{&quot;mobile&quot;:375,&quot;tablet&quot;:420,&quot;small&quot;:720,&quot;medium&quot;:960,&quot;large&quot;:1240,&quot;wide&quot;:1440}}\"\n\t\t\tdata-learndash-breakpoint-pointer=\"1bc4b609-ce39-48de-949b-2ab98a7f2f24\"\n\t\t>\n\t\t\t\n\t\t\t\t\t\t\t<div class=\"ld-registration__form\">\n\n\t\t\t\t\t<div class=\"ld-registration__register\">\n\t<h2 class=\"ld-registration__heading ld-registration-register__heading\"><span class=\"ez-toc-section\" id=\"Register\"><\/span>\n\t\t\t\t\tRegister\t\t\t<span class=\"ez-toc-section-end\"><\/span><\/h2>\n\n\t<p class=\"ld-registration__p\">\n\t\t\t\t\tAlready have an account?\t\t\t<a class=\"ld-registration__login-link\" role=\"button\" href=\"\">\n\t\t\t\tLog In\t\t\t<\/a>\n\t\t\t<\/p>\n\t<\/div>\n\t\t\t\t\t\t\t\t\t\t<div class=\"ld-registration__login\">\n\t<h2 class=\"ld-registration__heading ld-registration-register__heading\"><span class=\"ez-toc-section\" id=\"Log_In\"><\/span>\n\t\tLog In\t<span class=\"ez-toc-section-end\"><\/span><\/h2>\n\n\t<p class=\"ld-registration__p\">\n\t\t\t\t\tAre you a new user?\t\t\t<a class=\"ld-registration__register-link\" role=\"button\" href=\"https:\/\/diegogaspar.com\/en\/wp-login.php?action=register\">\n\t\t\t\tRegister\t\t\t<\/a>\n\t\t\t<\/p>\n<\/div>\n<div class=\"ld-registration__login-form\">\n\t<form class=\"ld-form\" name=\"loginform\" id=\"loginform\" action=\"https:\/\/diegogaspar.com\/en\/wp-login.php\" method=\"post\"><input id=\"learndash-login-form\" type=\"hidden\" name=\"learndash-login-form\" value=\"65c0830466\" \/><p class=\"login-username\">\n\t\t\t\t<label for=\"user_login\">Username or Email Address *<\/label>\n\t\t\t\t<input type=\"text\" name=\"log\" id=\"user_login\" autocomplete=\"username\" class=\"input ld-form__field\" value=\"\" size=\"20\" \/>\n\t\t\t<\/p><p class=\"login-password\">\n\t\t\t\t<label for=\"user_pass\">Password *<\/label>\n\t\t\t\t<input type=\"password\" name=\"pwd\" id=\"user_pass\" autocomplete=\"current-password\" spellcheck=\"false\" class=\"input ld-form__field\" value=\"\" size=\"20\" \/>\n\t\t\t<\/p><div class=\"ld-registration__login_options_wrapper\"><p class=\"login-remember\"><label><input name=\"rememberme\" type=\"checkbox\" id=\"rememberme\" value=\"forever\" \/> Remember Me<\/label><\/p>\t\t<p class=\"ld-registration__forgot-password\">\n\t\t\t<a href=\"https:\/\/diegogaspar.com\/reset-password\/\">\n\t\t\t\tForgot password?\t\t\t<\/a>\n\t\t<\/p>\n\t\t\n<\/div><p class=\"login-submit\">\n\t\t\t\t<input type=\"submit\" name=\"wp-submit\" id=\"wp-submit\" class=\"button button-primary wp-element-button\" value=\"Log In\" \/>\n\t\t\t\t<input type=\"hidden\" name=\"redirect_to\" value=\"https:\/\/diegogaspar.com\/registration\/\" \/>\n\t\t\t<\/p><\/form><\/div>\n\n\t\t\t\t\t\t\t\t\t\t\t<form\n\tname=\"learndash_registerform\"\n\tid=\"learndash_registerform\"\n\tclass=\"ld-form ld-registration__register-form\"\n\taction=\"https:\/\/diegogaspar.com\/en\/wp-login.php?action=register\"\n\tdata-learndash-validate=\"true\"\n\tmethod=\"post\"\n>\n\t<div class=\"ld-form__field-outer-wrapper learndash-registration-field learndash-registration-field-username learndash-required\">\n\t<label for=\"user_login\">\n\tNombre de usuario\t\t\t<span class=\"required\">*<\/span>\t<\/label>\n\t<div class=\"ld-form__field-wrapper ld-form__field-wrapper--type-text ld-form__field-username-wrapper\">\n\t<input\n\trequired\ttype=\"text\"\n\tid=\"username\"\n\tname=\"user_login\"\n\tvalue=\"\"\n\tclass=\"ld-form__field ld-form__field-user_login ld-form__field--type-text\"\n\t\/>\n<\/div>\n<\/div>\n\t\t\t\t\t\t<div class=\"ld-form__field-outer-wrapper learndash-registration-field learndash-registration-field-email learndash-required\">\n\t<label for=\"user_email\">\n\tEmail\t\t\t<span class=\"required\">*<\/span>\t<\/label>\n\t<div class=\"ld-form__field-wrapper ld-form__field-wrapper--type-email ld-form__field-email-wrapper\">\n\t<input\n\trequired\ttype=\"email\"\n\tid=\"email\"\n\tname=\"user_email\"\n\tvalue=\"\"\n\tclass=\"ld-form__field ld-form__field-user_email ld-form__field--type-email\"\n\t\/>\n<\/div>\n<\/div>\n\t\t\t\t\t\t<div class=\"ld-form__field-outer-wrapper learndash-registration-field learndash-registration-field-first_name learndash-required\">\n\t<label for=\"first_name\">\n\tNombre\t\t\t<span class=\"required\">*<\/span>\t<\/label>\n\t<div class=\"ld-form__field-wrapper ld-form__field-wrapper--type-text ld-form__field-first_name-wrapper\">\n\t<input\n\trequired\ttype=\"text\"\n\tid=\"first_name\"\n\tname=\"first_name\"\n\tvalue=\"\"\n\tclass=\"ld-form__field ld-form__field-first_name ld-form__field--type-text\"\n\t\/>\n<\/div>\n<\/div>\n\t\t\t\t\t\t<div class=\"ld-form__field-outer-wrapper learndash-registration-field learndash-registration-field-last_name learndash-required\">\n\t<label for=\"last_name\">\n\tApellidos\t\t\t<span class=\"required\">*<\/span>\t<\/label>\n\t<div class=\"ld-form__field-wrapper ld-form__field-wrapper--type-text ld-form__field-last_name-wrapper\">\n\t<input\n\trequired\ttype=\"text\"\n\tid=\"last_name\"\n\tname=\"last_name\"\n\tvalue=\"\"\n\tclass=\"ld-form__field ld-form__field-last_name ld-form__field--type-text\"\n\t\/>\n<\/div>\n<\/div>\n\t\t\t\t\t\t<div class=\"ld-form__field-outer-wrapper learndash-registration-field learndash-registration-field-password learndash-required\">\n\t<label for=\"password\">\n\tPassword\t\t\t<span class=\"required\">*<\/span>\t<\/label>\n\t<div class=\"ld-form__field-wrapper ld-form__field-wrapper--type-password ld-form__field-password-wrapper\">\n\t<input\n\trequired\ttype=\"password\"\n\tid=\"password\"\n\tname=\"password\"\n\tvalue=\"\"\n\tclass=\"ld-form__field ld-form__field-password ld-form__field--type-password ld-form__field--needs-password-strength\"\n\taria-describedby=\"ld-password-strength__meter\"\/>\n\t<button\n\t\ttype=\"button\"\n\t\tclass=\"ld-button ld-button--secondary ld-button--border ld-button__password-visibility-toggle ld--ignore-inline-css\"\n\t\taria-label=\"Toggle password visibility\"\n\t\taria-live=\"polite\"\n\t>\n\t\tShow\t<\/button>\n<\/div>\n<\/div>\n\t\t\t\t\t\t\t<p class=\"ld-password-strength__hint\">\n\t\t\t\t\tA medium-strength password is needed to register. Tip: Try at least 12 characters long containing letters, numbers, and special characters.\t\t\t\t<\/p>\n\t\t\t\t\t\t<div class=\"capjs-container wpcf7-form-control-wrap\" data-name=\"cap-token\">\r\n                <cap-widget id=\"cap-widget\" data-cap-api-endpoint=\"https:\/\/diegogaspar.com\/wp-json\/cap\/v1\/\"><\/cap-widget>\r\n            <\/div><br \/>\t<input name=\"ld_register_id\" value=\"0\" type=\"hidden\" \/>\n\t<input type=\"hidden\" name=\"learndash-registration-form\" value=\"ce11a19dd4\" \/>\n\t<input type=\"hidden\" name=\"redirect_to\" value=\"https:\/\/diegogaspar.com\/en\/registration\/?ld-registered=true&#038;ld_register_id=0\" \/>\n\t<p class=\"ld-registration__register-submit-wrapper\">\n\t\t<input\n\t\t\ttype=\"submit\"\n\t\t\tname=\"wp-submit\"\n\t\t\tid=\"wp-submit-register\"\n\t\t\tclass=\"button button-primary button-large wp-element-button\"\n\t\t\tvalue=\"Register\"\n\t\t\/>\n\t<\/p>\n<\/form>\n\t\t\t\t\t\t\t\t\t<\/div>\n\t\t\t\n\t\t\t\t\t<\/div>\n\t<\/div>\n<\/div>\n<script class=\"learndash-breakpoints\">\n\t( function () {\n\t\tlet completed = false;\n\n\t\t\/**\n\t\t * Initializes the LearnDash Breakpoints.\n\t\t *\n\t\t * @since 4.16.0\n\t\t *\/\n\t\tfunction initBreakpoints() {\n\t\t\tif ( completed ) {\n\t\t\t\t\/\/ This was fired already and completed no need to attach to the event listener.\n\t\t\t\tdocument.removeEventListener( 'DOMContentLoaded', initBreakpoints );\n\t\t\t\treturn;\n\t\t\t}\n\n\t\t\tif (\n\t\t\t\t'undefined' === typeof window.learndash ||\n\t\t\t\t'undefined' === typeof window.learndash.views ||\n\t\t\t\t'undefined' === typeof window.learndash.views.breakpoints ||\n\t\t\t\t'function' !== typeof (window.learndash.views.breakpoints.setup)\n\t\t\t) {\n\t\t\t\treturn;\n\t\t\t}\n\n\t\t\tconst container = document.querySelector(\n\t\t\t\t'[data-learndash-breakpoint-pointer=\"1bc4b609-ce39-48de-949b-2ab98a7f2f24\"]'\n\t\t\t);\n\n\t\t\tif ( ! container ) {\n\t\t\t\treturn;\n\t\t\t}\n\n\t\t\twindow.learndash.views.breakpoints.setup( container );\n\t\t\tcompleted = true;\n\t\t\t\/\/ This was fired already and completed no need to attach to the event listener.\n\t\t\tdocument.removeEventListener( 'DOMContentLoaded', initBreakpoints );\n\t\t}\n\n\t\t\/\/ Try to init the breakpoints right away.\n\t\tinitBreakpoints();\n\t\tdocument.addEventListener( 'DOMContentLoaded', initBreakpoints );\n\t})();\n<\/script>\n<\/div>","protected":false},"excerpt":{"rendered":"","protected":false},"author":0,"featured_media":0,"parent":0,"menu_order":0,"comment_status":"open","ping_status":"closed","template":"","meta":{"_acf_changed":false,"iawp_total_views":0,"footnotes":""},"class_list":["post-486","page","type-page","status-publish","hentry"],"acf":[],"yoast_head":"<!-- This site is optimized with the Yoast SEO plugin v27.4 - https:\/\/yoast.com\/product\/yoast-seo-wordpress\/ -->\n<title>Registro y Acceso | Diego Gaspar<\/title>\n<meta name=\"description\" content=\"Reg\u00edstrate o inicia sesi\u00f3n f\u00e1cilmente en la p\u00e1gina de Diego Gaspar. Asegura tu cuenta con una contrase\u00f1a segura y comienza a explorar ahora mismo.\" \/>\n<meta name=\"robots\" content=\"index, follow, max-snippet:-1, max-image-preview:large, max-video-preview:-1\" \/>\n<link rel=\"canonical\" href=\"https:\/\/diegogaspar.com\/en\/registration\/\" \/>\n<meta property=\"og:locale\" content=\"en_US\" \/>\n<meta property=\"og:type\" content=\"article\" \/>\n<meta property=\"og:title\" content=\"Registro y Acceso | Diego Gaspar\" \/>\n<meta property=\"og:description\" content=\"Reg\u00edstrate o inicia sesi\u00f3n f\u00e1cilmente en la p\u00e1gina de Diego Gaspar. Asegura tu cuenta con una contrase\u00f1a segura y comienza a explorar ahora mismo.\" \/>\n<meta property=\"og:url\" content=\"https:\/\/diegogaspar.com\/en\/registration\/\" \/>\n<meta property=\"og:site_name\" content=\"Diego Gaspar\" \/>\n<meta property=\"article:modified_time\" content=\"2025-04-24T18:21:42+00:00\" \/>\n<meta name=\"twitter:card\" content=\"summary_large_image\" \/>\n<!-- \/ Yoast SEO plugin. -->","yoast_head_json":{"title":"Registro y Acceso | Diego Gaspar","description":"Reg\u00edstrate o inicia sesi\u00f3n f\u00e1cilmente en la p\u00e1gina de Diego Gaspar. Asegura tu cuenta con una contrase\u00f1a segura y comienza a explorar ahora mismo.","robots":{"index":"index","follow":"follow","max-snippet":"max-snippet:-1","max-image-preview":"max-image-preview:large","max-video-preview":"max-video-preview:-1"},"canonical":"https:\/\/diegogaspar.com\/en\/registration\/","og_locale":"en_US","og_type":"article","og_title":"Registro y Acceso | Diego Gaspar","og_description":"Reg\u00edstrate o inicia sesi\u00f3n f\u00e1cilmente en la p\u00e1gina de Diego Gaspar. Asegura tu cuenta con una contrase\u00f1a segura y comienza a explorar ahora mismo.","og_url":"https:\/\/diegogaspar.com\/en\/registration\/","og_site_name":"Diego Gaspar","article_modified_time":"2025-04-24T18:21:42+00:00","twitter_card":"summary_large_image","schema":{"@context":"https:\/\/schema.org","@graph":[{"@type":"WebPage","@id":"https:\/\/diegogaspar.com\/en\/registration\/","url":"https:\/\/diegogaspar.com\/en\/registration\/","name":"Registro y Acceso | Diego Gaspar","isPartOf":{"@id":"https:\/\/diegogaspar.com\/en\/#website"},"datePublished":"2024-09-04T14:13:08+00:00","dateModified":"2025-04-24T18:21:42+00:00","description":"Reg\u00edstrate o inicia sesi\u00f3n f\u00e1cilmente en la p\u00e1gina de Diego Gaspar. Asegura tu cuenta con una contrase\u00f1a segura y comienza a explorar ahora mismo.","breadcrumb":{"@id":"https:\/\/diegogaspar.com\/en\/registration\/#breadcrumb"},"inLanguage":"en-US","potentialAction":[{"@type":"ReadAction","target":["https:\/\/diegogaspar.com\/en\/registration\/"]}]},{"@type":"BreadcrumbList","@id":"https:\/\/diegogaspar.com\/en\/registration\/#breadcrumb","itemListElement":[{"@type":"ListItem","position":1,"name":"Portada","item":"https:\/\/diegogaspar.com\/en\/"},{"@type":"ListItem","position":2,"name":"Registration"}]},{"@type":"WebSite","@id":"https:\/\/diegogaspar.com\/en\/#website","url":"https:\/\/diegogaspar.com\/en\/","name":"Diego Gaspar","description":"","potentialAction":[{"@type":"SearchAction","target":{"@type":"EntryPoint","urlTemplate":"https:\/\/diegogaspar.com\/en\/?s={search_term_string}"},"query-input":{"@type":"PropertyValueSpecification","valueRequired":true,"valueName":"search_term_string"}}],"inLanguage":"en-US"}]}},"_links":{"self":[{"href":"https:\/\/diegogaspar.com\/en\/wp-json\/wp\/v2\/pages\/486","targetHints":{"allow":["GET"]}}],"collection":[{"href":"https:\/\/diegogaspar.com\/en\/wp-json\/wp\/v2\/pages"}],"about":[{"href":"https:\/\/diegogaspar.com\/en\/wp-json\/wp\/v2\/types\/page"}],"replies":[{"embeddable":true,"href":"https:\/\/diegogaspar.com\/en\/wp-json\/wp\/v2\/comments?post=486"}],"version-history":[{"count":1,"href":"https:\/\/diegogaspar.com\/en\/wp-json\/wp\/v2\/pages\/486\/revisions"}],"predecessor-version":[{"id":588,"href":"https:\/\/diegogaspar.com\/en\/wp-json\/wp\/v2\/pages\/486\/revisions\/588"}],"wp:attachment":[{"href":"https:\/\/diegogaspar.com\/en\/wp-json\/wp\/v2\/media?parent=486"}],"curies":[{"name":"wp","href":"https:\/\/api.w.org\/{rel}","templated":true}]}}